{"id":325,"date":"2022-04-05T08:07:23","date_gmt":"2022-04-05T08:07:23","guid":{"rendered":"https:\/\/sloandistribuciones.com\/wordpress\/index.php\/home\/"},"modified":"2024-02-11T14:24:13","modified_gmt":"2024-02-11T20:24:13","slug":"home","status":"publish","type":"page","link":"https:\/\/sloandistribuciones.com\/","title":{"rendered":"Inicio"},"content":{"rendered":"\n<div class=\"wp-block-uagb-container uagb-block-ae559cc7 alignfull uagb-is-root-container\"><div class=\"uagb-container-inner-blocks-wrap\">\n<div class=\"wp-block-uagb-container uagb-block-54af0c99 alignfull uagb-is-root-container\"><div class=\"uagb-container-inner-blocks-wrap\">\n<div class=\"wp-block-uagb-container uagb-block-5896e979\">\n<div class=\"wp-block-columns is-layout-flex wp-container-core-columns-is-layout-28f84493 wp-block-columns-is-layout-flex\">\n<div class=\"wp-block-column is-layout-flow wp-block-column-is-layout-flow\">\n<div class=\"wp-block-uagb-advanced-heading uagb-block-64075bb4\"><h3 class=\"uagb-heading-text\">Los expertos en <br>Soluciones Eficientes para Ba\u00f1os<\/h3><\/div>\n<\/div>\n<\/div>\n\n\n\n<div class=\"wp-block-buttons is-layout-flex wp-block-buttons-is-layout-flex\">\n<div class=\"wp-block-button\"><a class=\"wp-block-button__link has-ast-global-color-5-color has-text-color wp-element-button\" href=\"https:\/\/sloandistribuciones.com\/index.php\/shop\/\">TIENDA<\/a><\/div>\n<\/div>\n<\/div>\n<\/div><\/div>\n\n\n\n<hr class=\"wp-block-separator has-text-color has-ffffff-color has-alpha-channel-opacity has-ffffff-background-color has-background\"\/>\n\n\n\n<div class=\"wp-block-uagb-info-box uagb-block-bc59c8e7 uagb-infobox__content-wrap  uagb-infobox-icon-above-title uagb-infobox-image-valign-top\"><div class=\"uagb-ifb-content\"><div class=\"uagb-ifb-title-wrap\"><h3 class=\"uagb-ifb-title\">COMBOS <\/h3><\/div><p class=\"uagb-ifb-desc\">Los combos con flux\u00f3metros de Sloan redefinen la eficiencia y la versatilidad en cada ba\u00f1o. La  Experiencia se obtiene en el rendimiento superior que se adapta a tus necesidades, ahorrando agua de manera inteligente. Con tecnolog\u00eda de vanguardia, Sloan garantiza un flujo preciso y una descarga eficiente en cada uso.<\/p><\/div><\/div>\n\n\n\n<div class=\"wp-block-columns is-layout-flex wp-container-core-columns-is-layout-28f84493 wp-block-columns-is-layout-flex\">\n<div class=\"wp-block-column is-layout-flow wp-block-column-is-layout-flow\">\n<figure class=\"wp-block-image aligncenter size-large is-resized\"><img loading=\"lazy\" decoding=\"async\" width=\"1024\" height=\"1024\" src=\"https:\/\/sloandistribuciones.com\/wp-content\/uploads\/2024\/02\/Comb-1024x1024.jpg\" alt=\"\" class=\"wp-image-2142\" style=\"width:233px;height:auto\" srcset=\"https:\/\/sloandistribuciones.com\/wp-content\/uploads\/2024\/02\/Comb-1024x1024.jpg 1024w, https:\/\/sloandistribuciones.com\/wp-content\/uploads\/2024\/02\/Comb-300x300.jpg 300w, https:\/\/sloandistribuciones.com\/wp-content\/uploads\/2024\/02\/Comb-150x150.jpg 150w, https:\/\/sloandistribuciones.com\/wp-content\/uploads\/2024\/02\/Comb-768x768.jpg 768w, https:\/\/sloandistribuciones.com\/wp-content\/uploads\/2024\/02\/Comb-1536x1536.jpg 1536w, https:\/\/sloandistribuciones.com\/wp-content\/uploads\/2024\/02\/Comb-600x600.jpg 600w, https:\/\/sloandistribuciones.com\/wp-content\/uploads\/2024\/02\/Comb-100x100.jpg 100w, https:\/\/sloandistribuciones.com\/wp-content\/uploads\/2024\/02\/Comb-64x64.jpg 64w, https:\/\/sloandistribuciones.com\/wp-content\/uploads\/2024\/02\/Comb.jpg 2000w\" sizes=\"auto, (max-width: 1024px) 100vw, 1024px\" \/><\/figure>\n<\/div>\n\n\n\n<div class=\"wp-block-column is-layout-flow wp-block-column-is-layout-flow\">\n<figure class=\"wp-block-image aligncenter size-large is-resized\"><img loading=\"lazy\" decoding=\"async\" width=\"1024\" height=\"1024\" src=\"https:\/\/sloandistribuciones.com\/wp-content\/uploads\/2024\/02\/combos-2-1024x1024.jpg\" alt=\"\" class=\"wp-image-2143\" style=\"width:235px;height:auto\" srcset=\"https:\/\/sloandistribuciones.com\/wp-content\/uploads\/2024\/02\/combos-2-1024x1024.jpg 1024w, https:\/\/sloandistribuciones.com\/wp-content\/uploads\/2024\/02\/combos-2-300x300.jpg 300w, https:\/\/sloandistribuciones.com\/wp-content\/uploads\/2024\/02\/combos-2-150x150.jpg 150w, https:\/\/sloandistribuciones.com\/wp-content\/uploads\/2024\/02\/combos-2-768x768.jpg 768w, https:\/\/sloandistribuciones.com\/wp-content\/uploads\/2024\/02\/combos-2-1536x1536.jpg 1536w, https:\/\/sloandistribuciones.com\/wp-content\/uploads\/2024\/02\/combos-2-2048x2048.jpg 2048w, https:\/\/sloandistribuciones.com\/wp-content\/uploads\/2024\/02\/combos-2-600x600.jpg 600w, https:\/\/sloandistribuciones.com\/wp-content\/uploads\/2024\/02\/combos-2-100x100.jpg 100w, https:\/\/sloandistribuciones.com\/wp-content\/uploads\/2024\/02\/combos-2-64x64.jpg 64w\" sizes=\"auto, (max-width: 1024px) 100vw, 1024px\" \/><\/figure>\n<\/div>\n<\/div>\n<\/div><\/div>\n\n\n\n<div class=\"wp-block-uagb-container uagb-block-f6448f39 alignfull uagb-is-root-container\"><div class=\"uagb-container-inner-blocks-wrap\">\n<div class=\"wp-block-uagb-container uagb-block-3c3a3539 alignfull uagb-is-root-container\"><div class=\"uagb-container-inner-blocks-wrap\">\n<div class=\"wp-block-uagb-container uagb-block-0ba3cd53\">\n<div class=\"wp-block-uagb-image alignwide uagb-block-0dd8c68c wp-block-uagb-image--layout-default wp-block-uagb-image--effect-static wp-block-uagb-image--align-wide\"><figure class=\"wp-block-uagb-image__figure\"><img decoding=\"async\" srcset=\"https:\/\/sloandistribuciones.com\/wp-content\/uploads\/2023\/05\/V-EW-72000-1024x640.jpeg \" sizes=\"auto, (max-width: 480px) 150px\" src=\"https:\/\/sloandistribuciones.com\/wp-content\/uploads\/2023\/05\/V-EW-72000-1024x640.jpeg\" alt=\"\" class=\"uag-image-941\" width=\"1024\" height=\"640\" title=\"\" loading=\"lazy\"\/><\/figure><\/div>\n<\/div>\n\n\n\n<div class=\"wp-block-uagb-info-box uagb-block-7bebcfd0 uagb-infobox__content-wrap  uagb-infobox-icon-above-title uagb-infobox-image-valign-top\"><div class=\"uagb-ifb-content\"><div class=\"uagb-ifb-title-wrap\"><h2 class=\"uagb-ifb-title\">Lavabo con llaves integradas<\/h2><\/div><p class=\"uagb-ifb-desc\">Los lavabos son los elementos funcionales m\u00e1s visibles en los ba\u00f1os institucionales. Puede ser que los pisos, paredes y espejos marquen la pauta, pero los lavabos integran la visi\u00f3n de modernidad y estilo del ba\u00f1o<br>Estos lavabos cuentan con llaves integradas accionadas por presencia que hacen de ellos una magn\u00edfica soluci\u00f3n higi\u00e9nica, de f\u00e1cil mantenimiento y antivandalismo<\/p><\/div><\/div>\n<\/div><\/div>\n\n\n\n<div class=\"wp-block-uagb-container uagb-block-bb957c99 alignfull uagb-is-root-container\"><div class=\"uagb-container-inner-blocks-wrap\">\n<div class=\"wp-block-uagb-container uagb-block-1c35f2b6\">\n<div class=\"wp-block-uagb-info-box uagb-block-084856f3 uagb-infobox__content-wrap  uagb-infobox-icon-above-title uagb-infobox-image-valign-top\"><div class=\"uagb-ifb-content\"><div class=\"uagb-ifb-title-wrap\"><h2 class=\"uagb-ifb-title\">Cartucho para mingitorio libre de agua <\/h2><\/div><p class=\"uagb-ifb-desc\">Esta es una soluci\u00f3n innovadora dise\u00f1ada para revolucionar la forma en que los mingitorios son mantenidos y operados en espacios p\u00fablicos y comerciales. Este cartucho de avanzada tecnolog\u00eda est\u00e1 dise\u00f1ado para reemplazar los sistemas tradicionales de descarga de agua en los mingitorios, brindando una alternativa m\u00e1s eficiente, higi\u00e9nica y amigable con el medio ambiente.<\/p><\/div><\/div>\n<\/div>\n\n\n\n<div class=\"wp-block-uagb-container uagb-block-9aab5061\">\n<div class=\"wp-block-uagb-image alignright uagb-block-32fff99b wp-block-uagb-image--layout-default wp-block-uagb-image--effect-static wp-block-uagb-image--align-right\"><figure class=\"wp-block-uagb-image__figure\"><img decoding=\"async\" srcset=\"https:\/\/sloandistribuciones.com\/wp-content\/uploads\/2023\/08\/1001500-300x300.jpg \" sizes=\"auto, (max-width: 480px) 150px\" src=\"https:\/\/sloandistribuciones.com\/wp-content\/uploads\/2023\/08\/1001500-300x300.jpg\" alt=\"\" class=\"uag-image-1478\" width=\"385\" height=\"113\" title=\"\" loading=\"lazy\"\/><\/figure><\/div>\n<\/div>\n<\/div><\/div>\n<\/div><\/div>\n\n\n\n<div class=\"wp-block-uagb-container uagb-block-fd44bdd5 alignwide uagb-is-root-container\">\n<div class=\"wp-block-uagb-container uagb-block-17370aa0\">\n<div class=\"wp-block-uagb-info-box uagb-block-548fea94 uagb-infobox__content-wrap  uagb-infobox-icon-above-title uagb-infobox-image-valign-top\"><div class=\"uagb-ifb-content\"><div class=\"uagb-ifb-icon-wrap\"><svg xmlns=\"https:\/\/www.w3.org\/2000\/svg\" viewBox=\"0 0 640 512\"><path d=\"M368 0C394.5 0 416 21.49 416 48V96H466.7C483.7 96 499.1 102.7 512 114.7L589.3 192C601.3 204 608 220.3 608 237.3V352C625.7 352 640 366.3 640 384C640 401.7 625.7 416 608 416H576C576 469 533 512 480 512C426.1 512 384 469 384 416H256C256 469 213 512 160 512C106.1 512 64 469 64 416H48C21.49 416 0 394.5 0 368V48C0 21.49 21.49 0 48 0H368zM416 160V256H544V237.3L466.7 160H416zM160 368C133.5 368 112 389.5 112 416C112 442.5 133.5 464 160 464C186.5 464 208 442.5 208 416C208 389.5 186.5 368 160 368zM480 464C506.5 464 528 442.5 528 416C528 389.5 506.5 368 480 368C453.5 368 432 389.5 432 416C432 442.5 453.5 464 480 464z\"><\/path><\/svg><\/div><div class=\"uagb-ifb-title-wrap\"><h6 class=\"uagb-ifb-title\">Envi\u00f3 gratis <\/h6><\/div><p class=\"uagb-ifb-desc\">*Aplican restricciones<br>\u200b<\/p><\/div><\/div>\n<\/div>\n\n\n\n<div class=\"wp-block-uagb-container uagb-block-d4aecac9\">\n<div class=\"wp-block-uagb-info-box uagb-block-99023be3 uagb-infobox__content-wrap  uagb-infobox-icon-above-title uagb-infobox-image-valign-top\"><div class=\"uagb-ifb-content\"><div class=\"uagb-ifb-icon-wrap\"><svg xmlns=\"https:\/\/www.w3.org\/2000\/svg\" viewBox=\"0 0 512 512\"><path d=\"M180.2 243.1C185 263.9 162.2 280.2 144.1 268.8L119.8 253.6l-50.9 81.43c-13.33 21.32 2.004 48.98 27.15 48.98h32.02c17.64 0 31.98 14.32 31.98 31.96c0 17.64-14.34 32.05-31.98 32.05H96.15c-75.36 0-121.3-82.84-81.47-146.8L65.51 219.8L41.15 204.5C23.04 193.1 27.66 165.5 48.48 160.7l91.43-21.15C148.5 137.7 157.2 142.9 159.2 151.6L180.2 243.1zM283.1 78.96l41.25 66.14l-24.25 15.08c-18.16 11.31-13.57 38.94 7.278 43.77l91.4 21.15c8.622 1.995 17.23-3.387 19.21-12.01l21.04-91.43c4.789-20.81-17.95-37.05-36.07-25.76l-24.36 15.2L337.4 45.14c-37.58-60.14-125.2-60.18-162.8-.0617L167.2 56.9C157.9 71.75 162.5 91.58 177.3 100.9c14.92 9.359 34.77 4.886 44.11-10.04l7.442-11.89C241.6 58.58 270.9 59.33 283.1 78.96zM497.3 301.3l-16.99-27.26c-9.336-14.98-29.06-19.56-44.04-10.21c-14.94 9.318-19.52 29.15-10.18 44.08l16.99 27.15c13.35 21.32-1.984 49-27.14 49h-95.99l.0234-28.74c0-21.38-25.85-32.09-40.97-16.97l-66.41 66.43c-6.222 6.223-6.222 16.41 .0044 22.63l66.42 66.34c15.12 15.1 40.95 4.386 40.95-16.98l-.0234-28.68h95.86C491.2 448.1 537.2 365.2 497.3 301.3z\"><\/path><\/svg><\/div><div class=\"uagb-ifb-title-wrap\"><h6 class=\"uagb-ifb-title\">Garant\u00eda<\/h6><\/div><p class=\"uagb-ifb-desc\">Todos los productos incluyen garant\u00eda<\/p><\/div><\/div>\n<\/div>\n\n\n\n<div class=\"wp-block-uagb-container uagb-block-d0f00d9e\">\n<div class=\"wp-block-uagb-info-box uagb-block-318c7702 uagb-infobox__content-wrap  uagb-infobox-icon-above-title uagb-infobox-image-valign-top\"><div class=\"uagb-ifb-content\"><div class=\"uagb-ifb-icon-wrap\"><svg xmlns=\"https:\/\/www.w3.org\/2000\/svg\" viewBox=\"0 0 448 512\"><path d=\"M80 192V144C80 64.47 144.5 0 224 0C303.5 0 368 64.47 368 144V192H384C419.3 192 448 220.7 448 256V448C448 483.3 419.3 512 384 512H64C28.65 512 0 483.3 0 448V256C0 220.7 28.65 192 64 192H80zM144 192H304V144C304 99.82 268.2 64 224 64C179.8 64 144 99.82 144 144V192z\"><\/path><\/svg><\/div><div class=\"uagb-ifb-title-wrap\"><h6 class=\"uagb-ifb-title\">Pago seguro <\/h6><\/div><p class=\"uagb-ifb-desc\"><br><\/p><\/div><\/div>\n<\/div>\n<\/div>\n","protected":false},"excerpt":{"rendered":"<p>Los expertos en Soluciones Eficientes para Ba\u00f1os<\/p>\n","protected":false},"author":1,"featured_media":0,"parent":0,"menu_order":1,"comment_status":"closed","ping_status":"closed","template":"","meta":{"_uag_custom_page_level_css":"","site-sidebar-layout":"no-sidebar","site-content-layout":"plain-container","ast-site-content-layout":"","site-content-style":"default","site-sidebar-style":"default","ast-global-header-display":"","ast-banner-title-visibility":"","ast-main-header-display":"","ast-hfb-above-header-display":"","ast-hfb-below-header-display":"","ast-hfb-mobile-header-display":"","site-post-title":"disabled","ast-breadcrumbs-content":"","ast-featured-img":"disabled","footer-sml-layout":"","theme-transparent-header-meta":"default","adv-header-id-meta":"","stick-header-meta":"","header-above-stick-meta":"","header-main-stick-meta":"","header-below-stick-meta":"","astra-migrate-meta-layouts":"default","ast-page-background-enabled":"default","ast-page-background-meta":{"desktop":{"background-color":"var(--ast-global-color-4)","background-image":"","background-repeat":"repeat","background-position":"center center","background-size":"auto","background-attachment":"scroll","background-type":"","background-media":"","overlay-type":"","overlay-color":"","overlay-gradient":""},"tablet":{"background-color":"","background-image":"","background-repeat":"repeat","background-position":"center center","background-size":"auto","background-attachment":"scroll","background-type":"","background-media":"","overlay-type":"","overlay-color":"","overlay-gradient":""},"mobile":{"background-color":"","background-image":"","background-repeat":"repeat","background-position":"center center","background-size":"auto","background-attachment":"scroll","background-type":"","background-media":"","overlay-type":"","overlay-color":"","overlay-gradient":""}},"ast-content-background-meta":{"desktop":{"background-color":"var(--ast-global-color-5)","background-image":"","background-repeat":"repeat","background-position":"center center","background-size":"auto","background-attachment":"scroll","background-type":"","background-media":"","overlay-type":"","overlay-color":"","overlay-gradient":""},"tablet":{"background-color":"var(--ast-global-color-5)","background-image":"","background-repeat":"repeat","background-position":"center center","background-size":"auto","background-attachment":"scroll","background-type":"","background-media":"","overlay-type":"","overlay-color":"","overlay-gradient":""},"mobile":{"background-color":"var(--ast-global-color-5)","background-image":"","background-repeat":"repeat","background-position":"center center","background-size":"auto","background-attachment":"scroll","background-type":"","background-media":"","overlay-type":"","overlay-color":"","overlay-gradient":""}},"footnotes":""},"class_list":["post-325","page","type-page","status-publish","hentry"],"uagb_featured_image_src":{"full":false,"thumbnail":false,"medium":false,"medium_large":false,"large":false,"1536x1536":false,"2048x2048":false,"woocommerce_thumbnail":false,"woocommerce_single":false,"woocommerce_gallery_thumbnail":false,"dgwt-wcas-product-suggestion":false},"uagb_author_info":{"display_name":"admin","author_link":"https:\/\/sloandistribuciones.com\/index.php\/author\/salmeg\/"},"uagb_comment_info":0,"uagb_excerpt":"Los expertos en Soluciones Eficientes para Ba\u00f1os","_links":{"self":[{"href":"https:\/\/sloandistribuciones.com\/index.php\/wp-json\/wp\/v2\/pages\/325","targetHints":{"allow":["GET"]}}],"collection":[{"href":"https:\/\/sloandistribuciones.com\/index.php\/wp-json\/wp\/v2\/pages"}],"about":[{"href":"https:\/\/sloandistribuciones.com\/index.php\/wp-json\/wp\/v2\/types\/page"}],"author":[{"embeddable":true,"href":"https:\/\/sloandistribuciones.com\/index.php\/wp-json\/wp\/v2\/users\/1"}],"replies":[{"embeddable":true,"href":"https:\/\/sloandistribuciones.com\/index.php\/wp-json\/wp\/v2\/comments?post=325"}],"version-history":[{"count":112,"href":"https:\/\/sloandistribuciones.com\/index.php\/wp-json\/wp\/v2\/pages\/325\/revisions"}],"predecessor-version":[{"id":2150,"href":"https:\/\/sloandistribuciones.com\/index.php\/wp-json\/wp\/v2\/pages\/325\/revisions\/2150"}],"wp:attachment":[{"href":"https:\/\/sloandistribuciones.com\/index.php\/wp-json\/wp\/v2\/media?parent=325"}],"curies":[{"name":"wp","href":"https:\/\/api.w.org\/{rel}","templated":true}]}}